{"id":1746,"date":"2023-02-20T11:37:45","date_gmt":"2023-02-20T10:37:45","guid":{"rendered":"http:\/\/clubdiplomatique.be\/?page_id=1746"},"modified":"2024-08-27T17:15:35","modified_gmt":"2024-08-27T15:15:35","slug":"blog","status":"publish","type":"page","link":"https:\/\/clubdiplomatique.be\/?page_id=1746","title":{"rendered":"Blog"},"content":{"rendered":"\t\t<div data-elementor-type=\"wp-post\" data-elementor-id=\"1746\" class=\"elementor elementor-1746\">\n\t\t\t\t\t\t<section class=\"elementor-section elementor-top-section elementor-element elementor-element-2296c7ec elementor-section-height-min-height elementor-section-boxed elementor-section-height-default elementor-section-items-middle elementor-invisible\" data-id=\"2296c7ec\" data-element_type=\"section\" data-settings=\"{&quot;background_background&quot;:&quot;classic&quot;,&quot;animation&quot;:&quot;fadeIn&quot;}\">\n\t\t\t\t\t\t\t<div class=\"elementor-background-overlay\"><\/div>\n\t\t\t\t\t\t\t<div class=\"elementor-container elementor-column-gap-no\">\n\t\t\t\t\t<div class=\"elementor-column elementor-col-100 elementor-top-column elementor-element elementor-element-3b479c2e\" data-id=\"3b479c2e\" data-element_type=\"column\">\n\t\t\t<div class=\"elementor-widget-wrap elementor-element-populated\">\n\t\t\t\t\t\t<div class=\"elementor-element elementor-element-61501058 elementor-widget elementor-widget-heading\" data-id=\"61501058\" data-element_type=\"widget\" data-widget_type=\"heading.default\">\n\t\t\t\t<div class=\"elementor-widget-container\">\n\t\t\t<style>\/*! elementor - v3.23.0 - 05-08-2024 *\/\n.elementor-heading-title{padding:0;margin:0;line-height:1}.elementor-widget-heading .elementor-heading-title[class*=elementor-size-]>a{color:inherit;font-size:inherit;line-height:inherit}.elementor-widget-heading .elementor-heading-title.elementor-size-small{font-size:15px}.elementor-widget-heading .elementor-heading-title.elementor-size-medium{font-size:19px}.elementor-widget-heading .elementor-heading-title.elementor-size-large{font-size:29px}.elementor-widget-heading .elementor-heading-title.elementor-size-xl{font-size:39px}.elementor-widget-heading .elementor-heading-title.elementor-size-xxl{font-size:59px}<\/style><h1 class=\"elementor-heading-title elementor-size-default\">Diplo-Blog<\/h1>\t\t<\/div>\n\t\t\t\t<\/div>\n\t\t\t\t\t<\/div>\n\t\t<\/div>\n\t\t\t\t\t<\/div>\n\t\t<\/section>\n\t\t\t\t<section class=\"elementor-section elementor-top-section elementor-element elementor-element-321138fc elementor-section-boxed elementor-section-height-default elementor-section-height-default\" data-id=\"321138fc\" data-element_type=\"section\" data-settings=\"{&quot;background_background&quot;:&quot;classic&quot;}\">\n\t\t\t\t\t\t<div class=\"elementor-container elementor-column-gap-no\">\n\t\t\t\t\t<div class=\"elementor-column elementor-col-100 elementor-top-column elementor-element elementor-element-6307ba6f\" data-id=\"6307ba6f\" data-element_type=\"column\">\n\t\t\t<div class=\"elementor-widget-wrap elementor-element-populated\">\n\t\t\t\t\t\t<div class=\"elementor-element elementor-element-8a39a0e elementor-widget elementor-widget-heading\" data-id=\"8a39a0e\" data-element_type=\"widget\" data-widget_type=\"heading.default\">\n\t\t\t\t<div class=\"elementor-widget-container\">\n\t\t\t<h2 class=\"elementor-heading-title elementor-size-default\">Aper\u00e7u des publications de nos membres <\/h2>\t\t<\/div>\n\t\t\t\t<\/div>\n\t\t\t\t<div class=\"elementor-element elementor-element-292b0b8 elementor-grid-eael-col-3 elementor-grid-tablet-eael-col-2 elementor-grid-mobile-eael-col-1 elementor-widget elementor-widget-eael-post-grid\" data-id=\"292b0b8\" data-element_type=\"widget\" data-settings=\"{&quot;eael_post_grid_columns&quot;:&quot;eael-col-3&quot;,&quot;eael_post_grid_columns_tablet&quot;:&quot;eael-col-2&quot;,&quot;eael_post_grid_columns_mobile&quot;:&quot;eael-col-1&quot;}\" data-widget_type=\"eael-post-grid.default\">\n\t\t\t\t<div class=\"elementor-widget-container\">\n\t\t\t<div id=\"eael-post-grid-292b0b8\" class=\"eael-post-grid-container\">\n            <div class=\"eael-post-grid eael-post-appender eael-post-appender-292b0b8 eael-post-grid-style-one\" data-layout-mode=\"grid\"><article class=\"eael-grid-post eael-post-grid-column\" data-id=\"1933\">\n        <div class=\"eael-grid-post-holder\">\n            <div class=\"eael-grid-post-holder-inner\"><div class=\"eael-entry-media\"><div class=\"eael-entry-overlay fade-in\"><i class=\"fas fa-long-arrow-alt-right\" aria-hidden=\"true\"><\/i><a href=\"https:\/\/clubdiplomatique.be\/?p=1933\"><\/a><\/div><div class=\"eael-entry-thumbnail \">\n                <img fetchpriority=\"high\" decoding=\"async\" width=\"227\" height=\"300\" src=\"https:\/\/clubdiplomatique.be\/wp-content\/uploads\/2025\/12\/IMG_8399-227x300.jpg\" class=\"attachment-medium size-medium wp-image-1935\" alt=\"\" srcset=\"https:\/\/clubdiplomatique.be\/wp-content\/uploads\/2025\/12\/IMG_8399-227x300.jpg 227w, https:\/\/clubdiplomatique.be\/wp-content\/uploads\/2025\/12\/IMG_8399.jpg 725w\" sizes=\"(max-width: 227px) 100vw, 227px\" \/>\n            <\/div>\n        <\/div><div class=\"eael-entry-wrapper\"><header class=\"eael-entry-header\"><h3 class=\"eael-entry-title\"><a\n                        class=\"eael-grid-post-link\"\n                        href=\"https:\/\/clubdiplomatique.be\/?p=1933\"\n                        title=\"Vers un monde incertain. (2025 \u2013 2026)\">Vers un monde incertain. (2025 \u2013 2026)<\/a><\/h3><\/header><div class=\"eael-entry-content\">\n                        <div class=\"eael-grid-post-excerpt\"><p>FR NL FR Nous vivons dans un monde influenc\u00e9 par<\/p><a\n                            href=\"https:\/\/clubdiplomatique.be\/?p=1933\"\n                            class=\"eael-post-elements-readmore-btn\">Lire plus<\/a><\/div>\n                    <\/div><div class=\"eael-entry-footer\"><div class=\"eael-entry-meta\"><\/div><\/div><\/div><\/div>\n        <\/div>\n    <\/article><article class=\"eael-grid-post eael-post-grid-column\" data-id=\"1927\">\n        <div class=\"eael-grid-post-holder\">\n            <div class=\"eael-grid-post-holder-inner\"><div class=\"eael-entry-wrapper\"><header class=\"eael-entry-header\"><h3 class=\"eael-entry-title\"><a\n                        class=\"eael-grid-post-link\"\n                        href=\"https:\/\/clubdiplomatique.be\/?p=1927\"\n                        title=\"Portrait Raoul Delcorde &#8211; Le dialogue au service de la diplomatie.\">Portrait Raoul Delcorde &#8211; Le dialogue au service de la diplomatie.<\/a><\/h3><\/header><div class=\"eael-entry-content\">\n                        <div class=\"eael-grid-post-excerpt\"><p>Bruxelles La\u00efque \u00c9chos a r\u00e9cemment publi\u00e9 une interview de notre<\/p><a\n                            href=\"https:\/\/clubdiplomatique.be\/?p=1927\"\n                            class=\"eael-post-elements-readmore-btn\">Lire plus<\/a><\/div>\n                    <\/div><div class=\"eael-entry-footer\"><div class=\"eael-entry-meta\"><\/div><\/div><\/div><\/div>\n        <\/div>\n    <\/article><article class=\"eael-grid-post eael-post-grid-column\" data-id=\"1916\">\n        <div class=\"eael-grid-post-holder\">\n            <div class=\"eael-grid-post-holder-inner\"><div class=\"eael-entry-wrapper\"><header class=\"eael-entry-header\"><h3 class=\"eael-entry-title\"><a\n                        class=\"eael-grid-post-link\"\n                        href=\"https:\/\/clubdiplomatique.be\/?p=1916\"\n                        title=\"Interview with our President, Raoul Delcorde\">Interview with our President, Raoul Delcorde<\/a><\/h3><\/header><div class=\"eael-entry-content\">\n                        <div class=\"eael-grid-post-excerpt\"><p>Interview prepared and conducted by Guus Maebe, edited by Tine<\/p><a\n                            href=\"https:\/\/clubdiplomatique.be\/?p=1916\"\n                            class=\"eael-post-elements-readmore-btn\">Lire plus<\/a><\/div>\n                    <\/div><div class=\"eael-entry-footer\"><div class=\"eael-entry-meta\"><\/div><\/div><\/div><\/div>\n        <\/div>\n    <\/article><article class=\"eael-grid-post eael-post-grid-column\" data-id=\"1736\">\n        <div class=\"eael-grid-post-holder\">\n            <div class=\"eael-grid-post-holder-inner\"><div class=\"eael-entry-media\"><div class=\"eael-entry-overlay fade-in\"><i class=\"fas fa-long-arrow-alt-right\" aria-hidden=\"true\"><\/i><a href=\"https:\/\/clubdiplomatique.be\/?p=1736\"><\/a><\/div><div class=\"eael-entry-thumbnail \">\n                <img decoding=\"async\" width=\"300\" height=\"200\" src=\"https:\/\/clubdiplomatique.be\/wp-content\/uploads\/2023\/02\/Article2-300x200.png\" class=\"attachment-medium size-medium wp-image-1744\" alt=\"\" srcset=\"https:\/\/clubdiplomatique.be\/wp-content\/uploads\/2023\/02\/Article2-300x200.png 300w, https:\/\/clubdiplomatique.be\/wp-content\/uploads\/2023\/02\/Article2-1024x683.png 1024w, https:\/\/clubdiplomatique.be\/wp-content\/uploads\/2023\/02\/Article2-768x512.png 768w, https:\/\/clubdiplomatique.be\/wp-content\/uploads\/2023\/02\/Article2-1536x1024.png 1536w, https:\/\/clubdiplomatique.be\/wp-content\/uploads\/2023\/02\/Article2-2048x1366.png 2048w\" sizes=\"(max-width: 300px) 100vw, 300px\" \/>\n            <\/div>\n        <\/div><div class=\"eael-entry-wrapper\"><header class=\"eael-entry-header\"><h3 class=\"eael-entry-title\"><a\n                        class=\"eael-grid-post-link\"\n                        href=\"https:\/\/clubdiplomatique.be\/?p=1736\"\n                        title=\"La diplomatie est-elle devenue un sport de combat?\">La diplomatie est-elle devenue un sport de combat?<\/a><\/h3><\/header><div class=\"eael-entry-content\">\n                        <div class=\"eael-grid-post-excerpt\"><p>Tandis que l\u2019Assembl\u00e9e g\u00e9n\u00e9rale de l\u2019Onu se tient cette semaine<\/p><a\n                            href=\"https:\/\/clubdiplomatique.be\/?p=1736\"\n                            class=\"eael-post-elements-readmore-btn\">Lire plus<\/a><\/div>\n                    <\/div><div class=\"eael-entry-footer\"><div class=\"eael-entry-meta\"><\/div><\/div><\/div><\/div>\n        <\/div>\n    <\/article><article class=\"eael-grid-post eael-post-grid-column\" data-id=\"1695\">\n        <div class=\"eael-grid-post-holder\">\n            <div class=\"eael-grid-post-holder-inner\"><div class=\"eael-entry-media\"><div class=\"eael-entry-overlay fade-in\"><i class=\"fas fa-long-arrow-alt-right\" aria-hidden=\"true\"><\/i><a href=\"https:\/\/clubdiplomatique.be\/?p=1695\"><\/a><\/div><div class=\"eael-entry-thumbnail \">\n                <img decoding=\"async\" width=\"300\" height=\"200\" src=\"https:\/\/clubdiplomatique.be\/wp-content\/uploads\/2023\/02\/Fichier-1-300x200.png\" class=\"attachment-medium size-medium wp-image-1708\" alt=\"\" srcset=\"https:\/\/clubdiplomatique.be\/wp-content\/uploads\/2023\/02\/Fichier-1-300x200.png 300w, https:\/\/clubdiplomatique.be\/wp-content\/uploads\/2023\/02\/Fichier-1-1024x683.png 1024w, https:\/\/clubdiplomatique.be\/wp-content\/uploads\/2023\/02\/Fichier-1-768x512.png 768w, https:\/\/clubdiplomatique.be\/wp-content\/uploads\/2023\/02\/Fichier-1-1536x1024.png 1536w, https:\/\/clubdiplomatique.be\/wp-content\/uploads\/2023\/02\/Fichier-1-2048x1366.png 2048w\" sizes=\"(max-width: 300px) 100vw, 300px\" \/>\n            <\/div>\n        <\/div><div class=\"eael-entry-wrapper\"><header class=\"eael-entry-header\"><h3 class=\"eael-entry-title\"><a\n                        class=\"eael-grid-post-link\"\n                        href=\"https:\/\/clubdiplomatique.be\/?p=1695\"\n                        title=\"\u00c0 quoi servent encore les diplomates?\">\u00c0 quoi servent encore les diplomates?<\/a><\/h3><\/header><div class=\"eael-entry-content\">\n                        <div class=\"eael-grid-post-excerpt\"><p>Vous pouvez \u00e9galement retrouver l&rsquo;article dans La Libre Belgique :<\/p><a\n                            href=\"https:\/\/clubdiplomatique.be\/?p=1695\"\n                            class=\"eael-post-elements-readmore-btn\">Lire plus<\/a><\/div>\n                    <\/div><div class=\"eael-entry-footer\"><div class=\"eael-entry-meta\"><\/div><\/div><\/div><\/div>\n        <\/div>\n    <\/article><\/div>\n            <div class=\"clearfix\"><\/div>\n        <\/div>\t\t<\/div>\n\t\t\t\t<\/div>\n\t\t\t\t\t<\/div>\n\t\t<\/div>\n\t\t\t\t\t<\/div>\n\t\t<\/section>\n\t\t\t\t<\/div>\n\t\t","protected":false},"excerpt":{"rendered":"<p>Diplo-Blog Aper\u00e7u des publications de nos membres La diplomatie est-elle devenue un sport de combat? Tandis que l\u2019Assembl\u00e9e g\u00e9n\u00e9rale de l\u2019Onu se tient cette semaine Lire plus \u00c0 quoi servent encore les diplomates? Vous pouvez \u00e9galement retrouver l&rsquo;article dans La Libre Belgique : Lire plus<\/p>\n","protected":false},"author":1,"featured_media":0,"parent":0,"menu_order":0,"comment_status":"closed","ping_status":"closed","template":"","meta":{"site-sidebar-layout":"no-sidebar","site-content-layout":"page-builder","ast-site-content-layout":"","site-content-style":"default","site-sidebar-style":"default","ast-global-header-display":"","ast-banner-title-visibility":"","ast-main-header-display":"","ast-hfb-above-header-display":"","ast-hfb-below-header-display":"","ast-hfb-mobile-header-display":"","site-post-title":"disabled","ast-breadcrumbs-content":"","ast-featured-img":"disabled","footer-sml-layout":"","theme-transparent-header-meta":"enabled","adv-header-id-meta":"","stick-header-meta":"","header-above-stick-meta":"","header-main-stick-meta":"","header-below-stick-meta":"","astra-migrate-meta-layouts":"default","ast-page-background-enabled":"default","ast-page-background-meta":{"desktop":{"background-color":"","background-image":"","background-repeat":"repeat","background-position":"center center","background-size":"auto","background-attachment":"scroll","background-type":"","background-media":"","overlay-type":"","overlay-color":"","overlay-opacity":"","overlay-gradient":""},"tablet":{"background-color":"","background-image":"","background-repeat":"repeat","background-position":"center center","background-size":"auto","background-attachment":"scroll","background-type":"","background-media":"","overlay-type":"","overlay-color":"","overlay-opacity":"","overlay-gradient":""},"mobile":{"background-color":"","background-image":"","background-repeat":"repeat","background-position":"center center","background-size":"auto","background-attachment":"scroll","background-type":"","background-media":"","overlay-type":"","overlay-color":"","overlay-opacity":"","overlay-gradient":""}},"ast-content-background-meta":{"desktop":{"background-color":"var(--ast-global-color-5)","background-image":"","background-repeat":"repeat","background-position":"center center","background-size":"auto","background-attachment":"scroll","background-type":"","background-media":"","overlay-type":"","overlay-color":"","overlay-opacity":"","overlay-gradient":""},"tablet":{"background-color":"var(--ast-global-color-5)","background-image":"","background-repeat":"repeat","background-position":"center center","background-size":"auto","background-attachment":"scroll","background-type":"","background-media":"","overlay-type":"","overlay-color":"","overlay-opacity":"","overlay-gradient":""},"mobile":{"background-color":"var(--ast-global-color-5)","background-image":"","background-repeat":"repeat","background-position":"center center","background-size":"auto","background-attachment":"scroll","background-type":"","background-media":"","overlay-type":"","overlay-color":"","overlay-opacity":"","overlay-gradient":""}},"_themeisle_gutenberg_block_has_review":false,"footnotes":""},"class_list":["post-1746","page","type-page","status-publish","hentry"],"_links":{"self":[{"href":"https:\/\/clubdiplomatique.be\/index.php?rest_route=\/wp\/v2\/pages\/1746","targetHints":{"allow":["GET"]}}],"collection":[{"href":"https:\/\/clubdiplomatique.be\/index.php?rest_route=\/wp\/v2\/pages"}],"about":[{"href":"https:\/\/clubdiplomatique.be\/index.php?rest_route=\/wp\/v2\/types\/page"}],"author":[{"embeddable":true,"href":"https:\/\/clubdiplomatique.be\/index.php?rest_route=\/wp\/v2\/users\/1"}],"replies":[{"embeddable":true,"href":"https:\/\/clubdiplomatique.be\/index.php?rest_route=%2Fwp%2Fv2%2Fcomments&post=1746"}],"version-history":[{"count":11,"href":"https:\/\/clubdiplomatique.be\/index.php?rest_route=\/wp\/v2\/pages\/1746\/revisions"}],"predecessor-version":[{"id":1915,"href":"https:\/\/clubdiplomatique.be\/index.php?rest_route=\/wp\/v2\/pages\/1746\/revisions\/1915"}],"wp:attachment":[{"href":"https:\/\/clubdiplomatique.be\/index.php?rest_route=%2Fwp%2Fv2%2Fmedia&parent=1746"}],"curies":[{"name":"wp","href":"https:\/\/api.w.org\/{rel}","templated":true}]}}